{"id":4111,"date":"2019-11-13T20:06:46","date_gmt":"2019-11-13T19:06:46","guid":{"rendered":"http:\/\/www.viterittiarredamenti.com\/newsite\/?page_id=4111"},"modified":"2023-07-31T16:59:56","modified_gmt":"2023-07-31T14:59:56","slug":"servizi","status":"publish","type":"page","link":"https:\/\/www.viterittiarredamenti.com\/newsite\/servizi\/","title":{"rendered":"Servizi"},"content":{"rendered":"<div class=\"wpb-content-wrapper\"><p>[vc_row][vc_column][vc_custom_heading source=&#8221;post_title&#8221; font_container=&#8221;tag:h1|text_align:left&#8221; use_theme_fonts=&#8221;yes&#8221;][vc_column_text]Viteritti arredamenti offre una vasta gamma di servizi per arredare la vostra casa, dalla scelta e dall\u2019acquisto dei mobili dei migliori marchi fino alla consegna e al montaggio nella vostra casa.<\/p>\n<p>Tutti i nostri servizi sono forniti da uno staff preparato e qualificato composto da progettisti, interior designer, architetti, consulenti e operai forti di una competenza specifica del settore dei mobili e dall\u2019esperienza pluridecennale maturata nella nostra azienda.[\/vc_column_text][vc_empty_space height=&#8221;20px&#8221;][\/vc_column][\/vc_row][vc_row][vc_column width=&#8221;1\/2&#8243;][vc_single_image image=&#8221;4125&#8243; img_size=&#8221;large&#8221;][vc_empty_space height=&#8221;10px&#8221;][\/vc_column][vc_column width=&#8221;1\/2&#8243;][vc_custom_heading text=&#8221;Consulenza&#8221; use_theme_fonts=&#8221;yes&#8221;][vc_empty_space height=&#8221;20px&#8221;][vc_separator color=&#8221;black&#8221; align=&#8221;align_left&#8221; border_width=&#8221;2&#8243; el_width=&#8221;10&#8243;][vc_column_text]I nostri architetti e designer di interni vi assisteranno nella scelta dei mobili per la vostra casa, guidandovi con cura attraverso gli stili, le tendenze e i vari marchi di arredamento, aiutandovi a scegliere l\u2019arredo giusto per la vostra casa.[\/vc_column_text][vc_empty_space height=&#8221;60px&#8221;][\/vc_column][\/vc_row][vc_row][vc_column width=&#8221;1\/2&#8243;][vc_single_image image=&#8221;4126&#8243; img_size=&#8221;large&#8221;][vc_empty_space height=&#8221;10px&#8221;][\/vc_column][vc_column width=&#8221;1\/2&#8243;][vc_custom_heading text=&#8221;Rilevazione e misurazione&#8221; use_theme_fonts=&#8221;yes&#8221;][vc_empty_space height=&#8221;20px&#8221;][vc_separator color=&#8221;black&#8221; align=&#8221;align_left&#8221; border_width=&#8221;2&#8243; el_width=&#8221;10&#8243;][vc_column_text]I nostri esperti rileveranno per voi le misure della vostra casa e dei vostri ambienti con precisione e accuratezza, garantendo cos\u00ec la perfetta collocazione dei mobili e la completa riuscita dell\u2019arredamento per la vostra casa.[\/vc_column_text][vc_empty_space height=&#8221;60px&#8221;][\/vc_column][\/vc_row][vc_row][vc_column width=&#8221;1\/2&#8243;][vc_single_image image=&#8221;4124&#8243; img_size=&#8221;large&#8221;][vc_empty_space height=&#8221;10px&#8221;][\/vc_column][vc_column width=&#8221;1\/2&#8243;][vc_custom_heading text=&#8221;Progettazione&#8221; use_theme_fonts=&#8221;yes&#8221;][vc_empty_space height=&#8221;20px&#8221;][vc_separator color=&#8221;black&#8221; align=&#8221;align_left&#8221; border_width=&#8221;2&#8243; el_width=&#8221;10&#8243;][vc_column_text]Grazie al servizio di progettazione, gli architetti e gli interior designer di Viteritti Arredamenti vi mostreranno, grazie all\u2019ausilio di apposti e avanzati software, la vostra nuova casa gi\u00e0 nelle fasi iniziali del progetto, con i mobili e gli arredi da voi scelti, in modo da garantire la perfetta riuscita dell\u2019arredamento dei vostri spazi e dei vostri ambienti.[\/vc_column_text][vc_empty_space height=&#8221;60px&#8221;][\/vc_column][\/vc_row][vc_row][vc_column width=&#8221;1\/2&#8243;][vc_single_image image=&#8221;4127&#8243; img_size=&#8221;large&#8221;][vc_empty_space height=&#8221;10px&#8221;][\/vc_column][vc_column width=&#8221;1\/2&#8243;][vc_custom_heading text=&#8221;Finanziamenti&#8221; use_theme_fonts=&#8221;yes&#8221;][vc_empty_space height=&#8221;20px&#8221;][vc_separator color=&#8221;black&#8221; align=&#8221;align_left&#8221; border_width=&#8221;2&#8243; el_width=&#8221;10&#8243;][vc_column_text]I nostri consulenti commerciali vi aiuteranno a trovare il piano di pagamenti pi\u00f9 adatto alle vostre esigenze per acquistare e pagare il vostro nuovo arredo con calma e tranquillit\u00e0. Tutto ci\u00f2 con l\u2019ausilio delle migliori aziende finanziarie e con la soluzione pi\u00f9 vantaggiosa per voi.[\/vc_column_text][vc_empty_space height=&#8221;60px&#8221;][\/vc_column][\/vc_row][vc_row][vc_column width=&#8221;1\/2&#8243;][vc_single_image image=&#8221;4128&#8243; img_size=&#8221;large&#8221;][vc_empty_space height=&#8221;10px&#8221;][\/vc_column][vc_column width=&#8221;1\/2&#8243;][vc_custom_heading text=&#8221;Consegna e montaggio dei mobili e degli arredi&#8221; use_theme_fonts=&#8221;yes&#8221;][vc_empty_space height=&#8221;20px&#8221;][vc_separator color=&#8221;black&#8221; align=&#8221;align_left&#8221; border_width=&#8221;2&#8243; el_width=&#8221;10&#8243;][vc_column_text]Il personale specializzato nella consegna e nel montaggio dei mobili vanta un\u2019esperienza pluridecennale nel settore del mobile e nella nostra azienda. Tutto il personale addetto alla consegna e al montaggio dei mobili \u00e8 formato nella nostra azienda e segue periodicamente i corsi di aggiornamento dei marchi di arredo di cui siamo rivenditori, in modo da essere sempre aggiornato sulle nuove tecnologie e sulle innovazioni del settore.[\/vc_column_text][vc_empty_space height=&#8221;60px&#8221;][\/vc_column][\/vc_row][vc_row][vc_column width=&#8221;1\/2&#8243;][vc_single_image image=&#8221;4129&#8243; img_size=&#8221;large&#8221;][vc_empty_space height=&#8221;10px&#8221;][\/vc_column][vc_column width=&#8221;1\/2&#8243;][vc_custom_heading text=&#8221;Assistenza post vendita&#8221; use_theme_fonts=&#8221;yes&#8221;][vc_empty_space height=&#8221;20px&#8221;][vc_separator color=&#8221;black&#8221; align=&#8221;align_left&#8221; border_width=&#8221;2&#8243; el_width=&#8221;10&#8243;][vc_column_text]Il lavoro di Viteritti Arredamenti non si conclude con la vendita dei mobili ma v\u00e0 oltre, assistendo il cliente in tutte le necessit\u00e0 che seguono la vendita degli arredi.[\/vc_column_text][vc_empty_space height=&#8221;60px&#8221;][\/vc_column][\/vc_row][vc_row][vc_column width=&#8221;1\/2&#8243;][vc_single_image image=&#8221;4130&#8243; img_size=&#8221;large&#8221;][vc_empty_space height=&#8221;10px&#8221;][\/vc_column][vc_column width=&#8221;1\/2&#8243;][vc_custom_heading text=&#8221;Garanzia&#8221; use_theme_fonts=&#8221;yes&#8221;][vc_empty_space height=&#8221;20px&#8221;][vc_separator color=&#8221;black&#8221; align=&#8221;align_left&#8221; border_width=&#8221;2&#8243; el_width=&#8221;10&#8243;][vc_column_text]I mobili e gli arredi venduti da Viteritti arredamenti sono dei migliori marchi nazionali e internazionali e sono coperti da garanzia europea, cosi come tutti gli elettrodomestici. Il nostro personale vi garantisce consulenza e pieno supporto in caso di necessit\u00e0 di uso della garanzia dei mobili e degli elettrodomestici.[\/vc_column_text][vc_empty_space height=&#8221;60px&#8221;][\/vc_column][\/vc_row]<\/p>\n<\/div>","protected":false},"excerpt":{"rendered":"<p>[vc_row][vc_column][vc_custom_heading source=&#8221;post_title&#8221; font_container=&#8221;tag:h1|text_align:left&#8221; use_theme_fonts=&#8221;yes&#8221;][vc_column_text]Viteritti arredamenti offre una vasta gamma di servizi per arredare la vostra casa, dalla scelta e dall\u2019acquisto dei mobili dei migliori marchi fino alla consegna e al montaggio nella vostra casa. Tutti i nostri servizi sono forniti da uno staff preparato e qualificato composto da progettisti, interior designer, architetti, consulenti e operai &hellip; <a href=\"https:\/\/www.viterittiarredamenti.com\/newsite\/servizi\/\" class=\"more-link\">Continue reading <span class=\"screen-reader-text\">Servizi<\/span> <span class=\"meta-nav\">&rarr;<\/span><\/a><\/p>\n","protected":false},"author":1,"featured_media":0,"parent":0,"menu_order":0,"comment_status":"closed","ping_status":"closed","template":"","meta":[],"yoast_head":"<!-- This site is optimized with the Yoast SEO plugin v18.0 - https:\/\/yoast.com\/wordpress\/plugins\/seo\/ -->\n<title>Servizi - Viteritti Arredamenti<\/title>\n<meta name=\"robots\" content=\"index, follow, max-snippet:-1, max-image-preview:large, max-video-preview:-1\" \/>\n<link rel=\"canonical\" href=\"https:\/\/www.viterittiarredamenti.com\/newsite\/servizi\/\" \/>\n<meta property=\"og:locale\" content=\"it_IT\" \/>\n<meta property=\"og:type\" content=\"article\" \/>\n<meta property=\"og:title\" content=\"Servizi - Viteritti Arredamenti\" \/>\n<meta property=\"og:description\" content=\"[vc_row][vc_column][vc_custom_heading source=&#8221;post_title&#8221; font_container=&#8221;tag:h1|text_align:left&#8221; use_theme_fonts=&#8221;yes&#8221;][vc_column_text]Viteritti arredamenti offre una vasta gamma di servizi per arredare la vostra casa, dalla scelta e dall\u2019acquisto dei mobili dei migliori marchi fino alla consegna e al montaggio nella vostra casa. Tutti i nostri servizi sono forniti da uno staff preparato e qualificato composto da progettisti, interior designer, architetti, consulenti e operai &hellip; Continue reading Servizi &rarr;\" \/>\n<meta property=\"og:url\" content=\"https:\/\/www.viterittiarredamenti.com\/newsite\/servizi\/\" \/>\n<meta property=\"og:site_name\" content=\"Viteritti Arredamenti\" \/>\n<meta property=\"article:publisher\" content=\"https:\/\/www.facebook.com\/Arredamentiviteritti\/\" \/>\n<meta property=\"article:modified_time\" content=\"2023-07-31T14:59:56+00:00\" \/>\n<meta name=\"twitter:card\" content=\"summary_large_image\" \/>\n<meta name=\"twitter:label1\" content=\"Tempo di lettura stimato\" \/>\n\t<meta name=\"twitter:data1\" content=\"4 minuti\" \/>\n<script type=\"application\/ld+json\" class=\"yoast-schema-graph\">{\"@context\":\"https:\/\/schema.org\",\"@graph\":[{\"@type\":\"Organization\",\"@id\":\"https:\/\/www.viterittiarredamenti.com\/newsite\/#organization\",\"name\":\"Viteritti arredamenti\",\"url\":\"https:\/\/www.viterittiarredamenti.com\/newsite\/\",\"sameAs\":[\"https:\/\/www.facebook.com\/Arredamentiviteritti\/\",\"https:\/\/www.instagram.com\/viterittiarredamenti\/\"],\"logo\":{\"@type\":\"ImageObject\",\"@id\":\"https:\/\/www.viterittiarredamenti.com\/newsite\/#logo\",\"inLanguage\":\"it-IT\",\"url\":\"https:\/\/www.viterittiarredamenti.com\/newsite\/wp-content\/uploads\/2018\/03\/logo_viteritti.png\",\"contentUrl\":\"https:\/\/www.viterittiarredamenti.com\/newsite\/wp-content\/uploads\/2018\/03\/logo_viteritti.png\",\"width\":206,\"height\":164,\"caption\":\"Viteritti arredamenti\"},\"image\":{\"@id\":\"https:\/\/www.viterittiarredamenti.com\/newsite\/#logo\"}},{\"@type\":\"WebSite\",\"@id\":\"https:\/\/www.viterittiarredamenti.com\/newsite\/#website\",\"url\":\"https:\/\/www.viterittiarredamenti.com\/newsite\/\",\"name\":\"Viteritti Arredamenti\",\"description\":\"Arreda i tuoi sogni!\",\"publisher\":{\"@id\":\"https:\/\/www.viterittiarredamenti.com\/newsite\/#organization\"},\"potentialAction\":[{\"@type\":\"SearchAction\",\"target\":{\"@type\":\"EntryPoint\",\"urlTemplate\":\"https:\/\/www.viterittiarredamenti.com\/newsite\/?s={search_term_string}\"},\"query-input\":\"required name=search_term_string\"}],\"inLanguage\":\"it-IT\"},{\"@type\":\"WebPage\",\"@id\":\"https:\/\/www.viterittiarredamenti.com\/newsite\/servizi\/#webpage\",\"url\":\"https:\/\/www.viterittiarredamenti.com\/newsite\/servizi\/\",\"name\":\"Servizi - Viteritti Arredamenti\",\"isPartOf\":{\"@id\":\"https:\/\/www.viterittiarredamenti.com\/newsite\/#website\"},\"datePublished\":\"2019-11-13T19:06:46+00:00\",\"dateModified\":\"2023-07-31T14:59:56+00:00\",\"breadcrumb\":{\"@id\":\"https:\/\/www.viterittiarredamenti.com\/newsite\/servizi\/#breadcrumb\"},\"inLanguage\":\"it-IT\",\"potentialAction\":[{\"@type\":\"ReadAction\",\"target\":[\"https:\/\/www.viterittiarredamenti.com\/newsite\/servizi\/\"]}]},{\"@type\":\"BreadcrumbList\",\"@id\":\"https:\/\/www.viterittiarredamenti.com\/newsite\/servizi\/#breadcrumb\",\"itemListElement\":[{\"@type\":\"ListItem\",\"position\":1,\"name\":\"Home\",\"item\":\"https:\/\/www.viterittiarredamenti.com\/newsite\/\"},{\"@type\":\"ListItem\",\"position\":2,\"name\":\"Servizi\"}]}]}<\/script>\n<!-- \/ Yoast SEO plugin. -->","yoast_head_json":{"title":"Servizi - Viteritti Arredamenti","robots":{"index":"index","follow":"follow","max-snippet":"max-snippet:-1","max-image-preview":"max-image-preview:large","max-video-preview":"max-video-preview:-1"},"canonical":"https:\/\/www.viterittiarredamenti.com\/newsite\/servizi\/","og_locale":"it_IT","og_type":"article","og_title":"Servizi - Viteritti Arredamenti","og_description":"[vc_row][vc_column][vc_custom_heading source=&#8221;post_title&#8221; font_container=&#8221;tag:h1|text_align:left&#8221; use_theme_fonts=&#8221;yes&#8221;][vc_column_text]Viteritti arredamenti offre una vasta gamma di servizi per arredare la vostra casa, dalla scelta e dall\u2019acquisto dei mobili dei migliori marchi fino alla consegna e al montaggio nella vostra casa. Tutti i nostri servizi sono forniti da uno staff preparato e qualificato composto da progettisti, interior designer, architetti, consulenti e operai &hellip; Continue reading Servizi &rarr;","og_url":"https:\/\/www.viterittiarredamenti.com\/newsite\/servizi\/","og_site_name":"Viteritti Arredamenti","article_publisher":"https:\/\/www.facebook.com\/Arredamentiviteritti\/","article_modified_time":"2023-07-31T14:59:56+00:00","twitter_card":"summary_large_image","twitter_misc":{"Tempo di lettura stimato":"4 minuti"},"schema":{"@context":"https:\/\/schema.org","@graph":[{"@type":"Organization","@id":"https:\/\/www.viterittiarredamenti.com\/newsite\/#organization","name":"Viteritti arredamenti","url":"https:\/\/www.viterittiarredamenti.com\/newsite\/","sameAs":["https:\/\/www.facebook.com\/Arredamentiviteritti\/","https:\/\/www.instagram.com\/viterittiarredamenti\/"],"logo":{"@type":"ImageObject","@id":"https:\/\/www.viterittiarredamenti.com\/newsite\/#logo","inLanguage":"it-IT","url":"https:\/\/www.viterittiarredamenti.com\/newsite\/wp-content\/uploads\/2018\/03\/logo_viteritti.png","contentUrl":"https:\/\/www.viterittiarredamenti.com\/newsite\/wp-content\/uploads\/2018\/03\/logo_viteritti.png","width":206,"height":164,"caption":"Viteritti arredamenti"},"image":{"@id":"https:\/\/www.viterittiarredamenti.com\/newsite\/#logo"}},{"@type":"WebSite","@id":"https:\/\/www.viterittiarredamenti.com\/newsite\/#website","url":"https:\/\/www.viterittiarredamenti.com\/newsite\/","name":"Viteritti Arredamenti","description":"Arreda i tuoi sogni!","publisher":{"@id":"https:\/\/www.viterittiarredamenti.com\/newsite\/#organization"},"potentialAction":[{"@type":"SearchAction","target":{"@type":"EntryPoint","urlTemplate":"https:\/\/www.viterittiarredamenti.com\/newsite\/?s={search_term_string}"},"query-input":"required name=search_term_string"}],"inLanguage":"it-IT"},{"@type":"WebPage","@id":"https:\/\/www.viterittiarredamenti.com\/newsite\/servizi\/#webpage","url":"https:\/\/www.viterittiarredamenti.com\/newsite\/servizi\/","name":"Servizi - Viteritti Arredamenti","isPartOf":{"@id":"https:\/\/www.viterittiarredamenti.com\/newsite\/#website"},"datePublished":"2019-11-13T19:06:46+00:00","dateModified":"2023-07-31T14:59:56+00:00","breadcrumb":{"@id":"https:\/\/www.viterittiarredamenti.com\/newsite\/servizi\/#breadcrumb"},"inLanguage":"it-IT","potentialAction":[{"@type":"ReadAction","target":["https:\/\/www.viterittiarredamenti.com\/newsite\/servizi\/"]}]},{"@type":"BreadcrumbList","@id":"https:\/\/www.viterittiarredamenti.com\/newsite\/servizi\/#breadcrumb","itemListElement":[{"@type":"ListItem","position":1,"name":"Home","item":"https:\/\/www.viterittiarredamenti.com\/newsite\/"},{"@type":"ListItem","position":2,"name":"Servizi"}]}]}},"_links":{"self":[{"href":"https:\/\/www.viterittiarredamenti.com\/newsite\/wp-json\/wp\/v2\/pages\/4111"}],"collection":[{"href":"https:\/\/www.viterittiarredamenti.com\/newsite\/wp-json\/wp\/v2\/pages"}],"about":[{"href":"https:\/\/www.viterittiarredamenti.com\/newsite\/wp-json\/wp\/v2\/types\/page"}],"author":[{"embeddable":true,"href":"https:\/\/www.viterittiarredamenti.com\/newsite\/wp-json\/wp\/v2\/users\/1"}],"replies":[{"embeddable":true,"href":"https:\/\/www.viterittiarredamenti.com\/newsite\/wp-json\/wp\/v2\/comments?post=4111"}],"version-history":[{"count":23,"href":"https:\/\/www.viterittiarredamenti.com\/newsite\/wp-json\/wp\/v2\/pages\/4111\/revisions"}],"predecessor-version":[{"id":4142,"href":"https:\/\/www.viterittiarredamenti.com\/newsite\/wp-json\/wp\/v2\/pages\/4111\/revisions\/4142"}],"wp:attachment":[{"href":"https:\/\/www.viterittiarredamenti.com\/newsite\/wp-json\/wp\/v2\/media?parent=4111"}],"curies":[{"name":"wp","href":"https:\/\/api.w.org\/{rel}","templated":true}]}}